{"id":23,"date":"2024-05-16T16:15:00","date_gmt":"2024-05-16T14:15:00","guid":{"rendered":"http:\/\/ch.stellba.com\/?page_id=2"},"modified":"2025-08-20T17:06:05","modified_gmt":"2025-08-20T17:06:05","slug":"home","status":"publish","type":"page","link":"https:\/\/www.stellba.com\/de\/","title":{"rendered":"Homepage"},"content":{"rendered":"<div class=\"wp-block-group container countries has-global-padding is-layout-constrained wp-block-group-is-layout-constrained\">\n<h2 class=\"wp-block-heading has-text-align-center country-header has-custom-blue-color has-text-color has-link-color has-roboto-font-family wp-elements-d23744b5d6019ef14087989ddae0fa62\" style=\"font-size:clamp(18.959px, 1.185rem + ((1vw - 3.2px) * 0.863), 30px);\"><strong>W\u00e4hlen Sie Ihr Land<\/strong><\/h2>\n\n\n\n<div class=\"wp-block-columns alignfull are-vertically-aligned-center country-container is-layout-flex wp-container-core-columns-is-layout-1 wp-block-columns-is-layout-flex\">\n<div class=\"wp-block-column is-layout-flow wp-block-column-is-layout-flow\"><\/div>\n\n\n\n<div class=\"wp-block-column is-vertically-aligned-center country usa is-layout-flow wp-block-column-is-layout-flow\" style=\"flex-basis:150px\">\n<figure class=\"wp-block-image aligncenter size-full is-resized\"><img loading=\"lazy\" decoding=\"async\" width=\"512\" height=\"512\" src=\"https:\/\/www.stellba.com\/wp-content\/uploads\/2024\/06\/usa.png\" alt=\"\" class=\"wp-image-70\" style=\"object-fit:cover;width:50px;height:50px\" srcset=\"https:\/\/www.stellba.com\/wp-content\/uploads\/2024\/06\/usa.png 512w, https:\/\/www.stellba.com\/wp-content\/uploads\/2024\/06\/usa-300x300.png 300w, https:\/\/www.stellba.com\/wp-content\/uploads\/2024\/06\/usa-12x12.png 12w\" sizes=\"(max-width: 512px) 100vw, 512px\" \/><\/figure>\n\n\n\n<h5 class=\"wp-block-heading has-text-align-center\" style=\"text-decoration:none\">coming soon<\/h5>\n<\/div>\n\n\n\n<div class=\"wp-block-column is-vertically-aligned-center country centered eu is-layout-flow wp-block-column-is-layout-flow\" style=\"flex-basis:150px\">\n<figure class=\"wp-block-image aligncenter size-full is-resized\"><a href=\"https:\/\/www.stellba.ch\"><img loading=\"lazy\" decoding=\"async\" width=\"512\" height=\"512\" src=\"https:\/\/www.stellba.com\/wp-content\/uploads\/2024\/06\/schweiz.png\" alt=\"\" class=\"wp-image-71\" style=\"object-fit:cover;width:50px;height:50px\" srcset=\"https:\/\/www.stellba.com\/wp-content\/uploads\/2024\/06\/schweiz.png 512w, https:\/\/www.stellba.com\/wp-content\/uploads\/2024\/06\/schweiz-300x300.png 300w, https:\/\/www.stellba.com\/wp-content\/uploads\/2024\/06\/schweiz-12x12.png 12w\" sizes=\"(max-width: 512px) 100vw, 512px\" \/><\/a><\/figure>\n\n\n\n<h5 class=\"wp-block-heading has-text-align-center\"><a href=\"https:\/\/www.stellba.ch\">stellba.ch<\/a><\/h5>\n<\/div>\n\n\n\n<div class=\"wp-block-column is-vertically-aligned-center country au is-layout-flow wp-block-column-is-layout-flow\" style=\"flex-basis:150px\">\n<figure class=\"wp-block-image aligncenter size-full is-resized\"><a href=\"https:\/\/www.stellba.com.au\"><img loading=\"lazy\" decoding=\"async\" width=\"512\" height=\"512\" src=\"https:\/\/www.stellba.com\/wp-content\/uploads\/2024\/06\/australien.png\" alt=\"\" class=\"wp-image-73\" style=\"object-fit:cover;width:50px;height:50px\" srcset=\"https:\/\/www.stellba.com\/wp-content\/uploads\/2024\/06\/australien.png 512w, https:\/\/www.stellba.com\/wp-content\/uploads\/2024\/06\/australien-300x300.png 300w, https:\/\/www.stellba.com\/wp-content\/uploads\/2024\/06\/australien-12x12.png 12w\" sizes=\"(max-width: 512px) 100vw, 512px\" \/><\/a><\/figure>\n\n\n\n<h5 class=\"wp-block-heading has-text-align-center\"><a href=\"https:\/\/www.stellba.com.au\">stellba.com.au<\/a><\/h5>\n<\/div>\n\n\n\n<div class=\"wp-block-column is-layout-flow wp-block-column-is-layout-flow\"><\/div>\n<\/div>\n\n\n\n<div class=\"wp-block-columns countries-story2 is-layout-flex wp-container-core-columns-is-layout-2 wp-block-columns-is-layout-flex\">\n<div class=\"wp-block-column is-layout-flow wp-block-column-is-layout-flow\" style=\"flex-basis:50%\">\n<figure class=\"wp-block-image size-full\"><img loading=\"lazy\" decoding=\"async\" width=\"1920\" height=\"1250\" src=\"https:\/\/www.stellba.com\/wp-content\/uploads\/2025\/08\/DSC_5970_stellba.webp\" alt=\"\" class=\"wp-image-116\" srcset=\"https:\/\/www.stellba.com\/wp-content\/uploads\/2025\/08\/DSC_5970_stellba.webp 1920w, https:\/\/www.stellba.com\/wp-content\/uploads\/2025\/08\/DSC_5970_stellba-900x586.webp 900w, https:\/\/www.stellba.com\/wp-content\/uploads\/2025\/08\/DSC_5970_stellba-768x500.webp 768w, https:\/\/www.stellba.com\/wp-content\/uploads\/2025\/08\/DSC_5970_stellba-1536x1000.webp 1536w, https:\/\/www.stellba.com\/wp-content\/uploads\/2025\/08\/DSC_5970_stellba-18x12.webp 18w\" sizes=\"(max-width: 1920px) 100vw, 1920px\" \/><\/figure>\n<\/div>\n\n\n\n<div class=\"wp-block-column is-layout-flow wp-block-column-is-layout-flow\" style=\"flex-basis:50%\">\n<figure class=\"wp-block-image size-full\"><img loading=\"lazy\" decoding=\"async\" width=\"1920\" height=\"1250\" src=\"https:\/\/www.stellba.com\/wp-content\/uploads\/2025\/08\/DSC_5917-stellba.webp\" alt=\"\" class=\"wp-image-115\" srcset=\"https:\/\/www.stellba.com\/wp-content\/uploads\/2025\/08\/DSC_5917-stellba.webp 1920w, https:\/\/www.stellba.com\/wp-content\/uploads\/2025\/08\/DSC_5917-stellba-900x586.webp 900w, https:\/\/www.stellba.com\/wp-content\/uploads\/2025\/08\/DSC_5917-stellba-768x500.webp 768w, https:\/\/www.stellba.com\/wp-content\/uploads\/2025\/08\/DSC_5917-stellba-1536x1000.webp 1536w, https:\/\/www.stellba.com\/wp-content\/uploads\/2025\/08\/DSC_5917-stellba-18x12.webp 18w\" sizes=\"(max-width: 1920px) 100vw, 1920px\" \/><\/figure>\n<\/div>\n<\/div>\n\n\n\n<div class=\"wp-block-columns countries-story is-layout-flex wp-container-core-columns-is-layout-3 wp-block-columns-is-layout-flex\">\n<div class=\"wp-block-column is-layout-flow wp-block-column-is-layout-flow\" style=\"padding-right:0;flex-basis:50%\">\n<h1 class=\"wp-block-heading has-custom-blue-color has-text-color has-link-color has-roboto-font-family wp-elements-0b6a8d8cf0de496c9c3cc540920294e6\" style=\"font-size:clamp(18.959px, 1.185rem + ((1vw - 3.2px) * 0.863), 30px);\"><strong>Willkommen bei Stellba \u2013 <\/strong><br><strong>Pr\u00e4zision in jeder Schicht<\/strong><\/h1>\n\n\n\n<p class=\" translation-block\">Bei Stellba sind wir seit \u00fcber 25 Jahren auf Laserauftragschwei\u00dfen spezialisiert und liefern hochmoderne Oberfl\u00e4chentechnologien, die die Lebensdauer, Leistungsf\u00e4higkeit und Zuverl\u00e4ssigkeit von Industriekomponenten verl\u00e4ngern.<\/p>\n\n\n\n<p class=\" translation-block\">Mit einem starken Fokus auf Pr\u00e4zisionstechnik, Materialkompetenz und moderne Lasertechnologie helfen wir der Industrie, Verschlei\u00df zu reduzieren, Korrosion zu bek\u00e4mpfen und die Funktionalit\u00e4t kritischer Bauteile zu verbessern. Ob im \u00d6l- und Gassektor, in der Energieerzeugung, Luft- und Raumfahrt oder der Schwerindustrie \u2013 Stellba steht f\u00fcr Innovation, Qualit\u00e4t und Langlebigkeit.<\/p>\n\n\n\n<p class=\" translation-block\">Unsere hochmodernen Einrichtungen und unser erfahrenes Team garantieren hochgradig kontrollierte, wiederholbare und effiziente Auftragschwei\u00dfprozesse, die exakt auf Ihre Anforderungen zugeschnitten sind \u2013 von Prototypen bis hin zur Serienfertigung.<\/p>\n<\/div>\n\n\n\n<div class=\"wp-block-column is-layout-flow wp-block-column-is-layout-flow\" style=\"flex-basis:50%\">\n<h1 class=\"wp-block-heading why-choose has-custom-blue-color has-text-color has-link-color has-roboto-font-family wp-elements-8336f82c6dd55c699b8ed2f8967d2494\" style=\"font-size:clamp(18.959px, 1.185rem + ((1vw - 3.2px) * 0.863), 30px);\"><strong>Warum Stellba w\u00e4hlen?<\/strong><\/h1>\n\n\n\n<ul>\n<li style=\"line-height:2\">Fortschrittliche Laserauftragschwei\u00df-Technologie<\/li>\n\n\n\n<li style=\"line-height:2\">Individuelle L\u00f6sungen &amp; Materialien<\/li>\n\n\n\n<li style=\"line-height:2\">Erh\u00f6hter Verschlei\u00df- &amp; Korrosionsschutz<\/li>\n\n\n\n<li style=\"line-height:2\">Kosten\u00adeffiziente Lebensdauerverl\u00e4ngerung von Komponenten<\/li>\n\n\n\n<li style=\"line-height:2\">Zertifizierte Qualit\u00e4t &amp; Ingenieur\u00adunterst\u00fctzung<\/li>\n<\/ul>\n<\/div>\n<\/div>\n\n\n\n<section class=\"wp-block-group team is-vertical is-layout-flex wp-container-core-group-is-layout-6 wp-block-group-is-layout-flex\">\n<h2 class=\"wp-block-heading our-team has-custom-blue-color has-text-color has-link-color wp-elements-1e5f0e2e724ec85eb00905bb7367feb3\" style=\"font-size:clamp(18.959px, 1.185rem + ((1vw - 3.2px) * 0.863), 30px);\"><strong>Our Team<\/strong><\/h2>\n\n\n\n<div class=\"wp-block-group is-nowrap is-layout-flex wp-container-core-group-is-layout-1 wp-block-group-is-layout-flex\">\n<figure class=\"wp-block-image size-full is-resized\"><img loading=\"lazy\" decoding=\"async\" width=\"550\" height=\"550\" src=\"https:\/\/www.stellba.com\/wp-content\/uploads\/2025\/08\/fouad-cheaitani-portrait.jpg\" alt=\"\" class=\"wp-image-113\" style=\"object-fit:cover;width:250px;height:250px\" srcset=\"https:\/\/www.stellba.com\/wp-content\/uploads\/2025\/08\/fouad-cheaitani-portrait.jpg 550w, https:\/\/www.stellba.com\/wp-content\/uploads\/2025\/08\/fouad-cheaitani-portrait-300x300.jpg 300w, https:\/\/www.stellba.com\/wp-content\/uploads\/2025\/08\/fouad-cheaitani-portrait-12x12.jpg 12w\" sizes=\"(max-width: 550px) 100vw, 550px\" \/><\/figure>\n\n\n\n<p><strong>Fouad Cheaitani<\/strong><br>CEO Stellba Schweiz und International Business Development<br>Schwei\u00dffachingenieur, IWI-c \/ IWE<br>Spezialist f\u00fcr zerst\u00f6rungsfreie Pr\u00fcfung (NDT), Level III<\/p>\n<\/div>\n\n\n\n<div class=\"wp-block-group is-nowrap is-layout-flex wp-container-core-group-is-layout-2 wp-block-group-is-layout-flex\">\n<figure class=\"wp-block-image size-full is-resized\"><img loading=\"lazy\" decoding=\"async\" width=\"406\" height=\"271\" src=\"https:\/\/www.stellba.com\/wp-content\/uploads\/2025\/08\/stellba-jeffrey-behrend.jpg\" alt=\"\" class=\"wp-image-132\" style=\"object-fit:cover;width:250px;height:250px\" srcset=\"https:\/\/www.stellba.com\/wp-content\/uploads\/2025\/08\/stellba-jeffrey-behrend.jpg 406w, https:\/\/www.stellba.com\/wp-content\/uploads\/2025\/08\/stellba-jeffrey-behrend-18x12.jpg 18w\" sizes=\"(max-width: 406px) 100vw, 406px\" \/><\/figure>\n\n\n\n<p><strong>Jeffrey Behrend<\/strong><br>Prozessingenieur und Projektleiter<br>Seit \u00fcber 10 Jahren Erfahrung im Laserauftragschwei\u00dfen und in der NC-Programmierung<\/p>\n<\/div>\n\n\n\n<div class=\"wp-block-group is-nowrap is-layout-flex wp-container-core-group-is-layout-3 wp-block-group-is-layout-flex\">\n<figure class=\"wp-block-image size-full is-resized wp-duotone-unset-1\"><img loading=\"lazy\" decoding=\"async\" width=\"500\" height=\"500\" src=\"https:\/\/www.stellba.com\/wp-content\/uploads\/2025\/08\/stellba-our-team-avatar.jpg\" alt=\"\" class=\"wp-image-140\" style=\"object-fit:cover;width:250px;height:250px\" srcset=\"https:\/\/www.stellba.com\/wp-content\/uploads\/2025\/08\/stellba-our-team-avatar.jpg 500w, https:\/\/www.stellba.com\/wp-content\/uploads\/2025\/08\/stellba-our-team-avatar-300x300.jpg 300w, https:\/\/www.stellba.com\/wp-content\/uploads\/2025\/08\/stellba-our-team-avatar-12x12.jpg 12w\" sizes=\"(max-width: 500px) 100vw, 500px\" \/><\/figure>\n\n\n\n<p><strong>Andreas Gisler<\/strong><br>Prozessingenieur und Projektleiter<br>Seit \u00fcber 15 Jahren Erfahrung im Laserauftragschwei\u00dfen und in der NC-Programmierung<\/p>\n<\/div>\n\n\n\n<div class=\"wp-block-group is-nowrap is-layout-flex wp-container-core-group-is-layout-4 wp-block-group-is-layout-flex\">\n<figure class=\"wp-block-image size-full is-resized\"><img loading=\"lazy\" decoding=\"async\" width=\"500\" height=\"500\" src=\"https:\/\/www.stellba.com\/wp-content\/uploads\/2025\/08\/stellba-our-team-avatar.jpg\" alt=\"\" class=\"wp-image-140\" style=\"object-fit:cover;width:250px;height:250px\" srcset=\"https:\/\/www.stellba.com\/wp-content\/uploads\/2025\/08\/stellba-our-team-avatar.jpg 500w, https:\/\/www.stellba.com\/wp-content\/uploads\/2025\/08\/stellba-our-team-avatar-300x300.jpg 300w, https:\/\/www.stellba.com\/wp-content\/uploads\/2025\/08\/stellba-our-team-avatar-12x12.jpg 12w\" sizes=\"(max-width: 500px) 100vw, 500px\" \/><\/figure>\n\n\n\n<p><strong>Tom R\u00fcedi<\/strong><br>Laseranlagenf\u00fchrer<\/p>\n<\/div>\n\n\n\n<div class=\"wp-block-group is-nowrap is-layout-flex wp-container-core-group-is-layout-5 wp-block-group-is-layout-flex\">\n<figure class=\"wp-block-image size-full is-resized\"><img loading=\"lazy\" decoding=\"async\" width=\"500\" height=\"500\" src=\"https:\/\/www.stellba.com\/wp-content\/uploads\/2025\/08\/stellba-our-team-avatar.jpg\" alt=\"\" class=\"wp-image-140\" style=\"object-fit:cover;width:250px;height:250px\" srcset=\"https:\/\/www.stellba.com\/wp-content\/uploads\/2025\/08\/stellba-our-team-avatar.jpg 500w, https:\/\/www.stellba.com\/wp-content\/uploads\/2025\/08\/stellba-our-team-avatar-300x300.jpg 300w, https:\/\/www.stellba.com\/wp-content\/uploads\/2025\/08\/stellba-our-team-avatar-12x12.jpg 12w\" sizes=\"(max-width: 500px) 100vw, 500px\" \/><\/figure>\n\n\n\n<p><strong>Youri El Tahry<\/strong><br>Schwei\u00dffachingenieur und Business Development, speziell f\u00fcr den australischen Markt<br>Mehr als 7 Jahre Erfahrung im Bereich Turbomaschinen<\/p>\n<\/div>\n<\/section>\n<\/div>","protected":false},"excerpt":{"rendered":"<p>Choose you country coming soon stellba.ch stellba.com.au Welcome to Stellba \u2013 Precision in Every Layer At Stellba, we are specialists in laser cladding since more than 25 years, delivering cutting-edge surface technology solutions that extend the life, performance, and reliability of industrial components. With a deep focus on precision engineering, materials expertise, and advanced laser [&hellip;]<\/p>","protected":false},"author":1,"featured_media":0,"parent":0,"menu_order":0,"comment_status":"closed","ping_status":"open","template":"page-no-title","meta":{"footnotes":""},"_links":{"self":[{"href":"https:\/\/www.stellba.com\/de\/wp-json\/wp\/v2\/pages\/23"}],"collection":[{"href":"https:\/\/www.stellba.com\/de\/wp-json\/wp\/v2\/pages"}],"about":[{"href":"https:\/\/www.stellba.com\/de\/wp-json\/wp\/v2\/types\/page"}],"author":[{"embeddable":true,"href":"https:\/\/www.stellba.com\/de\/wp-json\/wp\/v2\/users\/1"}],"replies":[{"embeddable":true,"href":"https:\/\/www.stellba.com\/de\/wp-json\/wp\/v2\/comments?post=23"}],"version-history":[{"count":52,"href":"https:\/\/www.stellba.com\/de\/wp-json\/wp\/v2\/pages\/23\/revisions"}],"predecessor-version":[{"id":156,"href":"https:\/\/www.stellba.com\/de\/wp-json\/wp\/v2\/pages\/23\/revisions\/156"}],"wp:attachment":[{"href":"https:\/\/www.stellba.com\/de\/wp-json\/wp\/v2\/media?parent=23"}],"curies":[{"name":"wp","href":"https:\/\/api.w.org\/{rel}","templated":true}]}}